{"id":404,"date":"2023-11-08T15:05:25","date_gmt":"2023-11-08T18:05:25","guid":{"rendered":"https:\/\/interhunteracademy.com.br\/?page_id=404"},"modified":"2023-11-08T15:10:54","modified_gmt":"2023-11-08T18:10:54","slug":"politica-de-privacidade","status":"publish","type":"page","link":"https:\/\/interhunteracademy.com.br\/index.php\/politica-de-privacidade\/","title":{"rendered":"Pol\u00edtica de Privacidade"},"content":{"rendered":"<p>\u00daltima Atualiza\u00e7\u00e3o: 12 de agosto de 2023 Bem-vindo(a)! Quando voc\u00ea participa de algum processo conduzido pela Interhunter, voc\u00ea nos confia seus dados e informa\u00e7\u00f5es. Nos comprometemos a manter essa confian\u00e7a. Nesse sentido, a presente Pol\u00edtica de Privacidade (\u201cPol\u00edtica\u201d) explica de maneira clara e acess\u00edvel como as suas informa\u00e7\u00f5es e dados ser\u00e3o coletados, usados, compartilhados e armazenados por meio dos nossos sistemas. <strong>A aceita\u00e7\u00e3o da nossa Pol\u00edtica ser\u00e1 feita quando voc\u00ea acessar ou usar o site, aplicativo ou servi\u00e7os da Interhunter. Isso indicar\u00e1 que voc\u00ea est\u00e1 ciente e em total acordo com a forma como utilizaremos as suas informa\u00e7\u00f5es e seus dados.<\/strong> A presente Pol\u00edtica est\u00e1 dividida da seguinte forma para facilitar a sua compreens\u00e3o:<\/p>\n<ol>\n<li>Quais informa\u00e7\u00f5es a <strong>Interhunter<\/strong> coleta<\/li>\n<li>Como a <strong>Interhunter<\/strong> usa as informa\u00e7\u00f5es coletadas<\/li>\n<li>Como, quando e com quem a <strong>Interhunter<\/strong> compartilha suas informa\u00e7\u00f5es<\/li>\n<li>Quais direitos voc\u00ea tem sobre as informa\u00e7\u00f5es que coletamos<\/li>\n<li>Como a <strong>Interhunter<\/strong> protege suas informa\u00e7\u00f5es<\/li>\n<li>Atualiza\u00e7\u00f5es dessa pol\u00edtica de privacidade<\/li>\n<li>Lei aplic\u00e1vel<\/li>\n<\/ol>\n<p>Caso tenha d\u00favidas ou precise tratar de qualquer assunto relacionado a esta Pol\u00edtica, entre em contato conosco atrav\u00e9s do e-mail <a href=\"mailto:glaucia@interhunter.com.br\">glaucia@interhunter.com.br<\/a>.<\/p>\n<ol>\n<li><strong>INFORMA\u00c7\u00d5ES QUE COLETAMOS<\/strong><\/li>\n<\/ol>\n<p>N\u00f3s coletamos os seguintes tipos de informa\u00e7\u00f5es:<\/p>\n<ul>\n<li><strong>Informa\u00e7\u00f5es que voc\u00ea nos fornece.<\/strong><\/li>\n<\/ul>\n<p>Isso inclui:<\/p>\n<ul>\n<li><u>Dados de cadastro<\/u>. Quando voc\u00ea participa de qualquer processo conduzido pela Interhunter, voc\u00ea nos fornece informa\u00e7\u00f5es como dados necess\u00e1rios para aplica\u00e7\u00e3o em vagas, como, por exemplo, e-mail, nome, usu\u00e1rio e, caso exista a op\u00e7\u00e3o de login, senha. Al\u00e9m disso, isso pode envolver dados profissionais como curr\u00edculo, experi\u00eancia e remunera\u00e7\u00e3o passadas, entre outros dados necess\u00e1rio para avalia\u00e7\u00e3o do perfil do candidato.<\/li>\n<li><u>Conex\u00e3o por servi\u00e7os de terceiros<\/u>. Quando voc\u00ea usa aplicativos e plataformas de terceiros para se cadastrar em processo conduzidos pela Interhunter (por exemplo, LinkedIn), poderemos coletar os dados que voc\u00ea nos fornece atrav\u00e9s desses servi\u00e7os, como Informa\u00e7\u00f5es pessoais vinculadas \u00e0 conta do usu\u00e1rio na aplica\u00e7\u00e3o, necess\u00e1rios para determinado processo seletivo, como nome, e-mail, cargo atual, empresas do passados, al\u00e9m de outras informa\u00e7\u00f5es que o usu\u00e1rios possa espontaneamente nos for\u00e7ar. Neste caso, respeitaremos as suas configura\u00e7\u00f5es de privacidade e pediremos autoriza\u00e7\u00e3o para a coleta de tais dados.<\/li>\n<li><strong>Informa\u00e7\u00f5es geradas quando voc\u00ea usa nossos servi\u00e7os.<\/strong><\/li>\n<\/ul>\n<p>N\u00f3s coletamos as seguintes informa\u00e7\u00f5es geradas:<\/p>\n<ul>\n<li><u>Comunica\u00e7\u00f5es com a Interhunter<\/u>. Quando voc\u00ea se comunica com a Interhunter, coletamos informa\u00e7\u00f5es sobre sua comunica\u00e7\u00e3o, incluindo metadados como data e hora das comunica\u00e7\u00f5es e todo o seu conte\u00fado, assim como qualquer informa\u00e7\u00e3o que voc\u00ea escolha fornecer.<\/li>\n<li><strong>Informa\u00e7\u00f5es de outras fontes.<\/strong><\/li>\n<\/ul>\n<p>Isso pode incluir:<\/p>\n<ul>\n<li><u>Dados coletados de outras plataformas<\/u>. A Interhunter poder\u00e1 interagir com outras plataformas e outros servi\u00e7os, como LinkedIn, Google Drive entre outras. Alguns desses servi\u00e7os podem nos fornecer informa\u00e7\u00f5es sobre voc\u00ea, aos quais coletaremos para lhe proporcionar uma melhor experi\u00eancia e melhorar cada vez mais os nossos servi\u00e7os e lhe oferecer novas funcionalidades, bem como Pra aproveitamento das informa\u00e7\u00f5es em processo seletivo e forma\u00e7\u00e3o de perfil do usu\u00e1rio, o qual poder\u00e1 ser aproveitado em outros processos seletivos.<\/li>\n<\/ul>\n<ol start=\"2\">\n<li><strong>COMO USAMOS SUAS INFORMA\u00c7\u00d5ES<\/strong><\/li>\n<\/ol>\n<p>N\u00e3o custa lembrar, prezamos muito pela sua privacidade. Por isso, todos os dados e informa\u00e7\u00f5es sobre voc\u00ea s\u00e3o tratadas como confidenciais, e somente as usaremos para os fins aqui descritos e autorizados por voc\u00ea, visando sempre melhorar a sua experi\u00eancia como usu\u00e1rio e candidato.<\/p>\n<ul>\n<li><strong>Usos autorizados<\/strong><\/li>\n<\/ul>\n<p>Desta forma, poderemos utilizar seus dados para:<\/p>\n<ul>\n<li>Permitir que voc\u00ea participe dos processos seletivos conduzidos pelo Grupo Interhunter;<\/li>\n<li>Enviar a voc\u00ea mensagens a respeito de suporte ou servi\u00e7o, como alertas, notifica\u00e7\u00f5es e atualiza\u00e7\u00f5es;<\/li>\n<li>Nos comunicar com voc\u00ea sobre produtos, servi\u00e7os, promo\u00e7\u00f5es, not\u00edcias, atualiza\u00e7\u00f5es, eventos e outros assuntos que voc\u00ea possa ter interesse;<\/li>\n<li>Personalizar o servi\u00e7o para este adequar cada vez mais aos seus gostos e interesses;<\/li>\n<li>Verificar ou autenticar as informa\u00e7\u00f5es fornecidas por voc\u00ea, inclusive comparando a dados coletados de outras fontes;<\/li>\n<li>Reaproveitamentos de curr\u00edculo em processos seletivos trabalhados pela Interhunter;<\/li>\n<li>Para qualquer fim que voc\u00ea autorizar no momento da coleta de dados;<\/li>\n<li>Cumprir obriga\u00e7\u00f5es legais.<\/li>\n<\/ul>\n<p>Eventualmente, poderemos utilizar dados para finalidades n\u00e3o previstas nesta pol\u00edtica de privacidade, mas estas estar\u00e3o dentro das suas leg\u00edtimas expectativas. <strong>O eventual uso dos seus dados para finalidades que n\u00e3o cumpram com essa prerrogativa ser\u00e1 feito mediante sua autoriza\u00e7\u00e3o pr\u00e9via<\/strong>.<\/p>\n<ul>\n<li><strong>Exclus\u00e3o dos dados<\/strong><\/li>\n<\/ul>\n<p>Todos os dados coletados ser\u00e3o exclu\u00eddos de nossos servidores quando voc\u00ea assim requisitar, por procedimento gratuito e facilitado, ou quando estes n\u00e3o forem mais necess\u00e1rios ou relevantes para lhe oferecermos os nossos servi\u00e7os, salvo se houver qualquer outra raz\u00e3o para a sua manuten\u00e7\u00e3o, como eventual obriga\u00e7\u00e3o legal de reten\u00e7\u00e3o de dados ou necessidade de preserva\u00e7\u00e3o destes para resguardo de direitos da Interhunter. Nos casos em que voc\u00ea solicite a exclus\u00e3o dos seus dados, poderemos manter os seus dados por 6 (seis) meses contados a partir da sua solicita\u00e7\u00e3o de exclus\u00e3o<\/p>\n<ul>\n<li><strong>Exclus\u00e3o de usu\u00e1rio<\/strong><\/li>\n<\/ul>\n<p>A Interhunter se reserva no direito de excluir determinado perfil ou dados de usu\u00e1rios, independente do tipo que for, caso a presente Pol\u00edtica n\u00e3o seja respeitada em seu processos. Como prezamos pelo bom relacionamento com os usu\u00e1rios, reconhecemos que t\u00eam o direito de buscar entender os motivos e at\u00e9 contest\u00e1-los, o que pode ser feito pelo seguinte e-mail: <a href=\"mailto:glaucia@interhunter.com.br\">glaucia@interhunter.com.br<\/a>.<\/p>\n<ol start=\"3\">\n<li><strong>COMPARTILHAMENTO DAS INFORMA\u00c7\u00d5ES<\/strong><\/li>\n<\/ol>\n<p>Todos os dados, informa\u00e7\u00f5es e conte\u00fados sobre voc\u00ea podem ser considerados ativos no caso de negocia\u00e7\u00f5es em que a Interhunter fizer parte. Portanto, nos reservamos no direito de, por exemplo, incluir seus dados dentre os ativos da empresa caso esta venha a ser vendida, adquirida ou fundida com outra. <strong>Por meio desta Pol\u00edtica voc\u00ea concorda e est\u00e1 ciente desta possibilidade.<\/strong> A Interhunter se reserva no direito de fornecer seus dados e informa\u00e7\u00f5es sobre voc\u00ea, incluindo intera\u00e7\u00f5es suas, caso seja requisitado judicialmente para tanto, ato necess\u00e1rio para que a empresa esteja em conformidade com as leis nacionais, ou caso voc\u00ea autorize expressamente.<\/p>\n<ol start=\"4\">\n<li><strong>DIREITOS DOS TITULARES<\/strong><\/li>\n<\/ol>\n<p>Voc\u00ea sempre poder\u00e1 optar em n\u00e3o divulgar seus dados para n\u00f3s, mas tenha em mente que alguns desses dados podem ser necess\u00e1rios para utilizar as funcionalidades de nossas aplica\u00e7\u00f5es. Independente disso, voc\u00ea sempre possuir\u00e1 direitos relativos \u00e0 privacidade e \u00e0 prote\u00e7\u00e3o dos seus dados pessoais. Dessa forma, abaixo resumimos todos os direitos que voc\u00ea tem sob as leis setoriais brasileiras relativas a prote\u00e7\u00e3o de dados e a Lei Geral de Prote\u00e7\u00e3o de Dados (\u201cLGPD\u201d), quais sejam:<\/p>\n<ul>\n<li><strong>Direito de acesso.<\/strong> Este direito permite que voc\u00ea possa requisitar e receber uma c\u00f3pia dos dados pessoais que possu\u00edmos sobre Voc\u00ea.<\/li>\n<li><strong>Direito de retifica\u00e7\u00e3o.<\/strong> Este direito permite que voc\u00ea, a qualquer momento, possa solicitar a corre\u00e7\u00e3o e\/ou retifica\u00e7\u00e3o dos seus dados pessoais, caso identifique que alguns deles est\u00e3o incorretos. Contudo, para ser efetivada essa corre\u00e7\u00e3o, teremos que checar a validade dos dados que voc\u00ea nos fornece. Voc\u00ea pode retificar diretamente alguns dos seus dados pessoais atrav\u00e9s do e-mail joanna@interhunter.com.<\/li>\n<li><strong>Direito de exclus\u00e3o.<\/strong> Este direito permite que voc\u00ea possa nos solicitar a exclus\u00e3o dos dados pessoais que possu\u00edmos sobre voc\u00ea. Todos os dados coletados ser\u00e3o exclu\u00eddos de nossos servidores quando voc\u00ea assim requisitar ou quando estes n\u00e3o forem mais necess\u00e1rios ou relevantes para lhe oferecermos nossos servi\u00e7os, salvo se houver qualquer outra raz\u00e3o para a sua manuten\u00e7\u00e3o, como eventual obriga\u00e7\u00e3o legal de reten\u00e7\u00e3o de dados ou necessidade de preserva\u00e7\u00e3o destes para resguardo de direitos da Interhunter. Para alterar suas informa\u00e7\u00f5es pessoais ou exclu\u00ed-las do nosso banco de dados, basta enviar um e-mail para joanna@interhunter.com.<\/li>\n<li><strong>Direito de oposi\u00e7\u00e3o ao processamento.<\/strong> Voc\u00ea tamb\u00e9m tem o direito de contestar onde e em que contexto estamos tratando seus dados pessoais para diferentes finalidades. Em determinadas situa\u00e7\u00f5es, podemos demonstrar que temos motivos leg\u00edtimos para tratar seus dados, os quais se sobrep\u00f5em aos seus direitos, caso, por exemplo, sejam essenciais para o fornecimento de nossas aplica\u00e7\u00f5es.<\/li>\n<li><strong>Direito de solicitar anonimiza\u00e7\u00e3o, bloqueio ou elimina\u00e7\u00e3o.<\/strong> Este direito permite que voc\u00ea nos pe\u00e7a para suspender o processamento de seus dados pessoais nos seguintes cen\u00e1rios: (a) se voc\u00ea quiser que n\u00f3s estabele\u00e7amos a precis\u00e3o dos dados; (b) quando voc\u00ea precisar que sejam mantidos os dados mesmo se n\u00e3o precisarmos mais deles, conforme necess\u00e1rio, para estabelecer, exercer ou defender reivindica\u00e7\u00f5es legais; ou (c) se voc\u00ea se op\u00f4s ao uso de seus dados, mas nesta hip\u00f3tese precisamos verificar se temos motivos leg\u00edtimos para us\u00e1-los.<\/li>\n<li><strong>Direito \u00e0 portabilidade.<\/strong> Forneceremos a voc\u00ea, ou a terceiros que voc\u00ea escolheu, seus dados pessoais em formato estruturado e interoper\u00e1vel.<\/li>\n<li><strong>Direito de retirar o seu consentimento.<\/strong> Voc\u00ea tem o direito de retirar o seu consentimento em rela\u00e7\u00e3o aos termos desta Pol\u00edtica de Privacidade. No entanto, isso n\u00e3o afetar\u00e1 a legalidade de qualquer processamento realizado anteriormente. Se voc\u00ea retirar o seu consentimento, talvez n\u00e3o possamos fornecer determinados servi\u00e7os.<\/li>\n<li><strong>Direito a revis\u00e3o de decis\u00f5es automatizadas.<\/strong> Voc\u00ea tamb\u00e9m tem o direito de solicitar a revis\u00e3o de decis\u00f5es tomadas unicamente com base em tratamento automatizado de seus dados pessoais que afetem seus interesses, inclu\u00eddas as decis\u00f5es destinadas a defini\u00e7\u00e3o de perfis pessoais, profissionais, de consumo e de cr\u00e9dito e\/ou os aspectos de sua personalidade.<\/li>\n<\/ul>\n<p>Talvez seja necess\u00e1rio solicitar informa\u00e7\u00f5es espec\u00edficas suas para nos ajudar a confirmar sua identidade e garantir seu direito de acessar seus dados pessoais (ou de exercer seus outros direitos). Esta \u00e9 uma medida de seguran\u00e7a para garantir que os dados pessoais n\u00e3o sejam divulgados a qualquer pessoa que n\u00e3o tenha direito de receb\u00ea-los. Podemos tamb\u00e9m contat\u00e1-lo para obter mais informa\u00e7\u00f5es em rela\u00e7\u00e3o \u00e0 sua solicita\u00e7\u00e3o, a fim de acelerar nossa resposta. Tentamos responder a todas as solicita\u00e7\u00f5es leg\u00edtimas dentro de 5 dias \u00fateis. Ocasionalmente, pode levar mais de 5 dias se sua solicita\u00e7\u00e3o for particularmente complexa ou se voc\u00ea tiver feito v\u00e1rias solicita\u00e7\u00f5es. Neste caso, iremos comunic\u00e1-lo e mant\u00ea-lo atualizado sobre o andamento da sua solicita\u00e7\u00e3o. Caso Voc\u00ea tenha alguma d\u00favida sobre essas quest\u00f5es e sobre como voc\u00ea pode exercer esses direitos, fique \u00e0 vontade para entrar em contato conosco no e-mail joanna@interhunter.com. <strong>\u00a0<\/strong><\/p>\n<ol start=\"5\">\n<li><strong>SEGURAN\u00c7A DAS INFORMA\u00c7\u00d5ES<\/strong><\/li>\n<\/ol>\n<p>Todos os seus dados s\u00e3o confidenciais e somente as pessoas com as devidas autoriza\u00e7\u00f5es ter\u00e3o acesso a eles. Qualquer uso destes estar\u00e1 de acordo com a presente Pol\u00edtica. A Interhunter empreender\u00e1 todos os esfor\u00e7os razo\u00e1veis de mercado para garantir a seguran\u00e7a dos nossos sistemas e dos seus dados. Nossos servidores est\u00e3o localizados em diferentes locais para garantir estabilidade e seguran\u00e7a, e somente podem ser acessados por meio de canais de comunica\u00e7\u00e3o previamente autorizados. Todas as suas informa\u00e7\u00f5es ser\u00e3o, sempre que poss\u00edvel, criptografadas, caso n\u00e3o inviabilizem o seu uso pela plataforma. A qualquer momento voc\u00ea poder\u00e1 requisitar c\u00f3pia dos seus dados armazenados em nossos sistemas. Manteremos os dados e informa\u00e7\u00f5es somente at\u00e9 quando estas forem necess\u00e1rias ou relevantes para as finalidades descritas nesta Pol\u00edtica, ou em caso de per\u00edodos pr\u00e9-determinados por lei, ou at\u00e9 quando estas forem necess\u00e1rias para a manuten\u00e7\u00e3o de interesses leg\u00edtimos da Interhunter. A Interhunter considera a sua privacidade algo extremamente importante e far\u00e1 tudo que estiver ao alcance para proteg\u00ea-la. Todavia, n\u00e3o temos como garantir que todos os dados e informa\u00e7\u00f5es sobre voc\u00ea em nossa plataforma estar\u00e3o livres de acessos n\u00e3o autorizados, principalmente caso haja compartilhamento indevido das credenciais necess\u00e1rias para acessar o nosso aplicativo. Portanto, voc\u00ea \u00e9 o \u00fanico respons\u00e1vel por manter sua senha de acesso em local seguro e \u00e9 vedado o compartilhamento desta com terceiros. Voc\u00ea se compromete a notificar a Interhunter imediatamente, atrav\u00e9s de meio seguro, a respeito de qualquer uso n\u00e3o autorizado de sua conta, bem como o acesso n\u00e3o autorizado por terceiros a esta.<\/p>\n<ol start=\"6\">\n<li><strong>ATUALIZA\u00c7\u00d5ES DA POL\u00cdTICA DE PRIVACIDADE<\/strong><\/li>\n<\/ol>\n<p>A Interhunter se reserva no direito de alterar essa Pol\u00edtica quantas vezes forem necess\u00e1rias, visando fornecer a voc\u00ea mais seguran\u00e7a, conveni\u00eancia, e melhorar cada vez mais a sua experi\u00eancia. \u00c9 por isso que \u00e9 muito importante acessar nossa Pol\u00edtica periodicamente. Para facilitar, indicamos no in\u00edcio do documento a data da \u00faltima atualiza\u00e7\u00e3o. Caso sejam feitas altera\u00e7\u00f5es relevantes que ensejem novas autoriza\u00e7\u00f5es suas, publicaremos uma nova pol\u00edtica de privacidade, sujeita novamente ao seu consentimento.<\/p>\n<ol start=\"7\">\n<li><strong>LEI APLIC\u00c1VEL<\/strong><\/li>\n<\/ol>\n<p>Este documento \u00e9 regido e deve ser interpretado de acordo com as leis da Rep\u00fablica Federativa do Brasil.\u00a0 Fica eleito o Foro da Comarca de S\u00e3o Paulo, S\u00e3o Paulo, como o competente para dirimir quaisquer quest\u00f5es porventura oriundas do presente documento, com expressa ren\u00fancia a qualquer outro, por mais privilegiado que seja.<\/p>\n","protected":false},"excerpt":{"rendered":"<p>\u00daltima Atualiza\u00e7\u00e3o: 12 de agosto de 2023 Bem-vindo(a)! Quando voc\u00ea participa de algum processo conduzido pela Interhunter, voc\u00ea nos confia seus dados e informa\u00e7\u00f5es. Nos comprometemos a manter essa confian\u00e7a. Nesse sentido, a presente Pol\u00edtica de Privacidade (\u201cPol\u00edtica\u201d) explica de maneira clara e acess\u00edvel como as suas informa\u00e7\u00f5es e dados ser\u00e3o coletados, usados, compartilhados e [&hellip;]<\/p>\n","protected":false},"author":1,"featured_media":0,"parent":0,"menu_order":0,"comment_status":"closed","ping_status":"closed","template":"","meta":{"_et_pb_use_builder":"","_et_pb_old_content":"","_et_gb_content_width":"1080"},"_links":{"self":[{"href":"https:\/\/interhunteracademy.com.br\/index.php\/wp-json\/wp\/v2\/pages\/404"}],"collection":[{"href":"https:\/\/interhunteracademy.com.br\/index.php\/wp-json\/wp\/v2\/pages"}],"about":[{"href":"https:\/\/interhunteracademy.com.br\/index.php\/wp-json\/wp\/v2\/types\/page"}],"author":[{"embeddable":true,"href":"https:\/\/interhunteracademy.com.br\/index.php\/wp-json\/wp\/v2\/users\/1"}],"replies":[{"embeddable":true,"href":"https:\/\/interhunteracademy.com.br\/index.php\/wp-json\/wp\/v2\/comments?post=404"}],"version-history":[{"count":3,"href":"https:\/\/interhunteracademy.com.br\/index.php\/wp-json\/wp\/v2\/pages\/404\/revisions"}],"predecessor-version":[{"id":408,"href":"https:\/\/interhunteracademy.com.br\/index.php\/wp-json\/wp\/v2\/pages\/404\/revisions\/408"}],"wp:attachment":[{"href":"https:\/\/interhunteracademy.com.br\/index.php\/wp-json\/wp\/v2\/media?parent=404"}],"curies":[{"name":"wp","href":"https:\/\/api.w.org\/{rel}","templated":true}]}}